{"id":12056,"date":"2016-06-08T20:10:15","date_gmt":"2016-06-08T18:10:15","guid":{"rendered":"http:\/\/d-teq.com\/media-sports\/?page_id=12056"},"modified":"2019-10-09T21:57:09","modified_gmt":"2019-10-09T19:57:09","slug":"vollfarben-led-videowand-reklametafel","status":"publish","type":"page","link":"http:\/\/d-teq.com\/media-sports\/vollfarben-led-videowand-reklametafel\/","title":{"rendered":"Vollfarben LED Videowand \/ Reklametafel"},"content":{"rendered":"<p><span style=\"font-family: arial, helvetica, sans-serif; font-size: 12pt;\">Perfekte L\u00f6sung f\u00fcr effektive Au\u00dfenwerbung, Sportveranstaltungen, Kultur und sonstige Events <\/span><\/p>\n<p>&nbsp;<\/p>\n<p><span style=\"font-family: arial, helvetica, sans-serif; font-size: 12pt;\"><a href=\"http:\/\/d-teq.com\/media-sports\/wp-content\/uploads\/2016\/06\/led_outdoor_1.jpg\"><img decoding=\"async\" class=\"alignnone wp-image-12028 size-full\" src=\"http:\/\/d-teq.com\/media-sports\/wp-content\/uploads\/2016\/06\/led_outdoor_1.jpg\" alt=\"led_outdoor_1\" width=\"800\" height=\"533\" srcset=\"http:\/\/d-teq.com\/media-sports\/wp-content\/uploads\/2016\/06\/led_outdoor_1-200x133.jpg 200w, http:\/\/d-teq.com\/media-sports\/wp-content\/uploads\/2016\/06\/led_outdoor_1-300x200.jpg 300w, http:\/\/d-teq.com\/media-sports\/wp-content\/uploads\/2016\/06\/led_outdoor_1-500x333.jpg 500w, http:\/\/d-teq.com\/media-sports\/wp-content\/uploads\/2016\/06\/led_outdoor_1-700x466.jpg 700w, http:\/\/d-teq.com\/media-sports\/wp-content\/uploads\/2016\/06\/led_outdoor_1-768x512.jpg 768w, http:\/\/d-teq.com\/media-sports\/wp-content\/uploads\/2016\/06\/led_outdoor_1.jpg 800w\" sizes=\"(max-width: 800px) 100vw, 800px\" \/><\/a><\/span><\/p>\n<p>&nbsp;<\/p>\n<p style=\"text-align: justify;\"><span style=\"font-family: arial, helvetica, sans-serif; font-size: 12pt;\">D-TEQ Vollfarben LED Video Anzeigesysteme er\u00f6ffnen eine v\u00f6llig neue Dimensionen f\u00fcr die aktive Werbung, Information und Unterhaltung. Kein anderes Werbemedium bietet im Au\u00dfenbereich vergleichbare M\u00f6glichkeiten um tagesaktuell zu informieren und zu werben und sekundenschnell auf Ereignisse und Ver\u00e4nderungen reagieren zu k\u00f6nnen. <\/span><\/p>\n<p><span style=\"font-family: arial, helvetica, sans-serif; font-size: 12pt;\"><a href=\"http:\/\/d-teq.com\/media-sports\/wp-content\/uploads\/2016\/06\/led_reklame_2.jpg\"><img decoding=\"async\" class=\"alignnone size-medium wp-image-12073\" src=\"http:\/\/d-teq.com\/media-sports\/wp-content\/uploads\/2016\/06\/led_reklame_2-300x225.jpg\" alt=\"led_reklame_2\" width=\"300\" height=\"225\" srcset=\"http:\/\/d-teq.com\/media-sports\/wp-content\/uploads\/2016\/06\/led_reklame_2-200x150.jpg 200w, http:\/\/d-teq.com\/media-sports\/wp-content\/uploads\/2016\/06\/led_reklame_2-300x225.jpg 300w, http:\/\/d-teq.com\/media-sports\/wp-content\/uploads\/2016\/06\/led_reklame_2.jpg 500w\" sizes=\"(max-width: 300px) 100vw, 300px\" \/><\/a> <a href=\"http:\/\/d-teq.com\/media-sports\/wp-content\/uploads\/2016\/06\/led_reklame_3.jpg\"><img decoding=\"async\" class=\"alignnone size-medium wp-image-12074\" src=\"http:\/\/d-teq.com\/media-sports\/wp-content\/uploads\/2016\/06\/led_reklame_3-300x225.jpg\" alt=\"led_reklame_3\" width=\"300\" height=\"225\" srcset=\"http:\/\/d-teq.com\/media-sports\/wp-content\/uploads\/2016\/06\/led_reklame_3-200x150.jpg 200w, http:\/\/d-teq.com\/media-sports\/wp-content\/uploads\/2016\/06\/led_reklame_3-300x225.jpg 300w, http:\/\/d-teq.com\/media-sports\/wp-content\/uploads\/2016\/06\/led_reklame_3.jpg 500w\" sizes=\"(max-width: 300px) 100vw, 300px\" \/><\/a><\/span><\/p>\n<p style=\"text-align: justify;\"><span style=\"font-family: arial, helvetica, sans-serif; font-size: 12pt;\">Platziert an frequentierten, zentralen Standorten und Kreuzungen erreichen dynamisch dargestellte Informationen und Werbebotschaften wie zB. Werbe-Spots, Video-Clips, Wetterberichte, allgemeine oder kommunale Nachrichten und Informationen, Veranstaltungstermine usw. Passanten und Autofahrer mit einem bislang unerreichten Grad an Aufmerksamkeit. <\/span><\/p>\n<p style=\"text-align: justify;\"><span style=\"font-family: arial, helvetica, sans-serif; font-size: 12pt;\"> Die tageslichttauglichen videof\u00e4higen vollfarben LED Videow\u00e4nde mit brillant leuchtenden Farben k\u00f6nnen alle Arten von Eingaben wie Bilder, Texte, Videosequenzen wiedergeben. Die Steuersoftware erm\u00f6glicht das einfache bearbeiten und editieren von Ablaufsequenzen die entsprechend sofort oder zu einem sp\u00e4teren Zeitpunkt auf der LED Videoanzeige dargestellt werden kann. <\/span><\/p>\n<p style=\"text-align: justify;\"><span style=\"font-family: arial, helvetica, sans-serif; font-size: 12pt;\"> Die LED Videow\u00e4nde \/ Reklametafel werden in der Regel an \/ in Geb\u00e4udefassaden oder freistehend festinstalliert. Die Gr\u00f6\u00dfe der Anzeige und die Aufl\u00f6sung (Pixelabstand) wird kundenspezifisch nach den Anforderungen festgelegt und entsprechend hergestellt. Die Anzeigen k\u00f6nnen auch f\u00fcr zB. gekr\u00fcmmte Fassaden gefertigt werden.<\/span><\/p>\n<p><span style=\"font-family: arial, helvetica, sans-serif; font-size: 12pt;\"> <strong>Technische Daten<\/strong> (standardisierte kleine Display-Varianten)<\/span><\/p>\n<table style=\"height: 1500px;\" width=\"800\">\n<tbody>\n<tr>\n<td><span style=\"font-family: arial, helvetica, sans-serif; font-size: 12pt;\">Modell<\/span><\/td>\n<td><span style=\"font-family: arial, helvetica, sans-serif; font-size: 12pt;\">D3-P16-OH<\/span><\/td>\n<td><span style=\"font-family: arial, helvetica, sans-serif; font-size: 12pt;\">D3-P20-OH<\/span><\/td>\n<td><span style=\"font-family: arial, helvetica, sans-serif; font-size: 12pt;\">D3-P25-OH<\/span><\/td>\n<\/tr>\n<tr>\n<td><span style=\"font-family: arial, helvetica, sans-serif; font-size: 12pt;\">Typ<\/span><\/td>\n<td><span style=\"font-family: arial, helvetica, sans-serif; font-size: 12pt;\">RGB Vollvideo<\/span><\/td>\n<td><span style=\"font-family: arial, helvetica, sans-serif; font-size: 12pt;\">RGB Vollvideo<\/span><\/td>\n<td><span style=\"font-family: arial, helvetica, sans-serif; font-size: 12pt;\">RGB Vollvideo<\/span><\/td>\n<\/tr>\n<tr>\n<td><span style=\"font-family: arial, helvetica, sans-serif; font-size: 12pt;\">Anzeigefl\u00e4che des Displays<\/span><\/td>\n<td colspan=\"3\"><span style=\"font-family: arial, helvetica, sans-serif; font-size: 12pt;\">Modulares Baukastensystem in Abh\u00e4ngigkeit der Modulgr\u00f6\u00dfe<\/span><\/td>\n<\/tr>\n<tr>\n<td><span style=\"font-family: arial, helvetica, sans-serif; font-size: 12pt;\">Modulgr\u00f6\u00dfe (H x B)<\/span><\/td>\n<td><span style=\"font-family: arial, helvetica, sans-serif; font-size: 12pt;\">768mm x 1024mm<\/span><\/td>\n<td><span style=\"font-family: arial, helvetica, sans-serif; font-size: 12pt;\">960mm x 1280mm<\/span><\/td>\n<td><span style=\"font-family: arial, helvetica, sans-serif; font-size: 12pt;\">1200mm x 1600mm<\/span><\/td>\n<\/tr>\n<tr>\n<td><span style=\"font-family: arial, helvetica, sans-serif; font-size: 12pt;\">Pixelabstand<\/span><\/td>\n<td><span style=\"font-family: arial, helvetica, sans-serif; font-size: 12pt;\">16 mm \/ 8 mm (virtuell)<\/span><\/td>\n<td><span style=\"font-family: arial, helvetica, sans-serif; font-size: 12pt;\">20 mm \/ 10 mm (virtuell)<\/span><\/td>\n<td><span style=\"font-family: arial, helvetica, sans-serif; font-size: 12pt;\">25 mm \/ 12,5 mm (virtuell)<\/span><\/td>\n<\/tr>\n<tr>\n<td><span style=\"font-family: arial, helvetica, sans-serif; font-size: 12pt;\">Aufl\u00f6sung eines Moduls (H x B)<\/span><\/td>\n<td><span style=\"font-family: arial, helvetica, sans-serif; font-size: 12pt;\">48 x 64 Pixel<\/span><\/td>\n<td><span style=\"font-family: arial, helvetica, sans-serif; font-size: 12pt;\">48 x 64 Pixel<\/span><\/td>\n<td><span style=\"font-family: arial, helvetica, sans-serif; font-size: 12pt;\">48 x 64 Pixel<\/span><\/td>\n<\/tr>\n<tr>\n<td><span style=\"font-family: arial, helvetica, sans-serif; font-size: 12pt;\">Pixeldichte<\/span><\/td>\n<td><span style=\"font-family: arial, helvetica, sans-serif; font-size: 12pt;\">3906 pro m\u00b2<\/span><\/td>\n<td><span style=\"font-family: arial, helvetica, sans-serif; font-size: 12pt;\">2500 pro m\u00b2<\/span><\/td>\n<td><span style=\"font-family: arial, helvetica, sans-serif; font-size: 12pt;\">1600 pro m\u00b2<\/span><\/td>\n<\/tr>\n<tr>\n<td><span style=\"font-family: arial, helvetica, sans-serif; font-size: 12pt;\">Betrachtungsabstand<\/span><\/td>\n<td><span style=\"font-family: arial, helvetica, sans-serif; font-size: 12pt;\">ab 10 m<\/span><\/td>\n<td><span style=\"font-family: arial, helvetica, sans-serif; font-size: 12pt;\">ab 15 m<\/span><\/td>\n<td><span style=\"font-family: arial, helvetica, sans-serif; font-size: 12pt;\">ab 20 m<\/span><\/td>\n<\/tr>\n<tr>\n<td><span style=\"font-family: arial, helvetica, sans-serif; font-size: 12pt;\">Helligkeit<\/span><\/td>\n<td><span style=\"font-family: arial, helvetica, sans-serif; font-size: 12pt;\">&gt;6000 nit (cd\/m\u00b2)<\/span><\/td>\n<td><span style=\"font-family: arial, helvetica, sans-serif; font-size: 12pt;\">&gt;6000 nit (cd\/m\u00b2)<\/span><\/td>\n<td><span style=\"font-family: arial, helvetica, sans-serif; font-size: 12pt;\">&gt;4000 nit (cd\/m\u00b2)<\/span><\/td>\n<\/tr>\n<tr>\n<td><span style=\"font-family: arial, helvetica, sans-serif; font-size: 12pt;\">Betrachtungswinkel (h\/v)<\/span><\/td>\n<td colspan=\"3\"><span style=\"font-family: arial, helvetica, sans-serif; font-size: 12pt;\">120\u00b0 \/ 55\u00b0<\/span><\/td>\n<\/tr>\n<tr>\n<td><span style=\"font-family: arial, helvetica, sans-serif; font-size: 12pt;\">Farbtiefe<\/span><\/td>\n<td colspan=\"3\"><span style=\"font-family: arial, helvetica, sans-serif; font-size: 12pt;\">14 Bit<\/span><\/td>\n<\/tr>\n<tr>\n<td><span style=\"font-family: arial, helvetica, sans-serif; font-size: 12pt;\">Dargestellte Farben<\/span><\/td>\n<td colspan=\"3\"><span style=\"font-family: arial, helvetica, sans-serif; font-size: 12pt;\">4,4 Trillion<\/span><\/td>\n<\/tr>\n<tr>\n<td><span style=\"font-family: arial, helvetica, sans-serif; font-size: 12pt;\">LED-pro Pixel<\/span><\/td>\n<td colspan=\"3\"><span style=\"font-family: arial, helvetica, sans-serif; font-size: 12pt;\">2 x Rot, 1 x Gr\u00fcn, 1 x Blau<\/span><\/td>\n<\/tr>\n<tr>\n<td><span style=\"font-family: arial, helvetica, sans-serif; font-size: 12pt;\">LED-Typ<\/span><\/td>\n<td colspan=\"3\"><span style=\"font-family: arial, helvetica, sans-serif; font-size: 12pt;\">Silan<\/span><\/td>\n<\/tr>\n<tr>\n<td><span style=\"font-family: arial, helvetica, sans-serif; font-size: 12pt;\">Lebensdauer (50% Helligkeit)<\/span><\/td>\n<td colspan=\"3\"><span style=\"font-family: arial, helvetica, sans-serif; font-size: 12pt;\">&gt; 50.000 Stunden<\/span><\/td>\n<\/tr>\n<tr>\n<td><span style=\"font-family: arial, helvetica, sans-serif; font-size: 12pt;\">Bild Wiederholrate<\/span><\/td>\n<td colspan=\"3\"><span style=\"font-family: arial, helvetica, sans-serif; font-size: 12pt;\">720 Hz<\/span><\/td>\n<\/tr>\n<tr>\n<td><span style=\"font-family: arial, helvetica, sans-serif; font-size: 12pt;\">Anschlusswerte<\/span><\/td>\n<td colspan=\"3\"><span style=\"font-family: arial, helvetica, sans-serif; font-size: 12pt;\">380 V 3-phase AC, 50 Hz<\/span><\/td>\n<\/tr>\n<tr>\n<td><span style=\"font-family: arial, helvetica, sans-serif; font-size: 12pt;\">Leistungsaufnahme (max.)<\/span><\/td>\n<td><span style=\"font-family: arial, helvetica, sans-serif; font-size: 12pt;\">1020 W\/m\u00b2<\/span><\/td>\n<td><span style=\"font-family: arial, helvetica, sans-serif; font-size: 12pt;\">1300 W\/m\u00b2<\/span><\/td>\n<td><span style=\"font-family: arial, helvetica, sans-serif; font-size: 12pt;\">1400 W\/m\u00b2<\/span><\/td>\n<\/tr>\n<tr>\n<td><span style=\"font-family: arial, helvetica, sans-serif; font-size: 12pt;\">Umgebungstemperatur<\/span><\/td>\n<td colspan=\"3\"><span style=\"font-family: arial, helvetica, sans-serif; font-size: 12pt;\">-20\u00b0 bis +40\u00b0 C<\/span><\/td>\n<\/tr>\n<tr>\n<td><span style=\"font-family: arial, helvetica, sans-serif; font-size: 12pt;\">Gewicht eines Moduls<\/span><\/td>\n<td><span style=\"font-family: arial, helvetica, sans-serif; font-size: 12pt;\">55 kg<\/span><\/td>\n<td><span style=\"font-family: arial, helvetica, sans-serif; font-size: 12pt;\">60 kg<\/span><\/td>\n<td><span style=\"font-family: arial, helvetica, sans-serif; font-size: 12pt;\">108 kg<\/span><\/td>\n<\/tr>\n<tr>\n<td><span style=\"font-family: arial, helvetica, sans-serif; font-size: 12pt;\">Geh\u00e4usematerial<\/span><\/td>\n<td colspan=\"3\"><span style=\"font-family: arial, helvetica, sans-serif; font-size: 12pt;\">Stahl schwarz-matt lackiert (standard), Aluminium als Sondervariante<\/span><\/td>\n<\/tr>\n<tr>\n<td><span style=\"font-family: arial, helvetica, sans-serif; font-size: 12pt;\">Schutzart<\/span><\/td>\n<td colspan=\"3\"><span style=\"font-family: arial, helvetica, sans-serif; font-size: 12pt;\">IP65 frontseitig, IP45 r\u00fcckseitig<\/span><\/td>\n<\/tr>\n<tr>\n<td><span style=\"font-family: arial, helvetica, sans-serif; font-size: 12pt;\">Daten\u00fcbertragung<\/span><\/td>\n<td colspan=\"3\"><span style=\"font-family: arial, helvetica, sans-serif; font-size: 12pt;\">CAT6 (standard), Glasfaserkabel (optional)<\/span><\/td>\n<\/tr>\n<tr>\n<td><span style=\"font-family: arial, helvetica, sans-serif; font-size: 12pt;\">Videoeing\u00e4nge<\/span><\/td>\n<td colspan=\"3\"><span style=\"font-family: arial, helvetica, sans-serif; font-size: 12pt;\">DVI \/ HDMI, S-Video, RGB, VGA etc<\/span><\/td>\n<\/tr>\n<\/tbody>\n<\/table>\n","protected":false},"excerpt":{"rendered":"<p>Perfekte L\u00f6sung f\u00fcr effektive Au\u00dfenwerbung, Sportveranstaltungen, Kultur und sonstige Events &nbsp; &nbsp; D-TEQ Vollfarben LED Video Anzeigesysteme er\u00f6ffnen eine v\u00f6llig neue Dimensionen f\u00fcr die aktive Werbung, Information und Unterhaltung. Kein anderes Werbemedium bietet im Au\u00dfenbereich vergleichbare M\u00f6glichkeiten um tagesaktuell zu informieren und zu werben und sekundenschnell auf Ereignisse und Ver\u00e4nderungen reagieren zu k\u00f6nnen. Platziert an frequentierten, zentralen Standorten und Kreuzungen erreichen dynamisch dargestellte Informationen und Werbebotschaften wie zB. Werbe-Spots, Video-Clips, Wetterberichte, allgemeine oder kommunale Nachrichten und Informationen, Veranstaltungstermine usw. Passanten und Autofahrer mit einem bislang unerreichten Grad an Aufmerksamkeit. Die tageslichttauglichen videof\u00e4higen vollfarben LED Videow\u00e4nde mit brillant leuchtenden Farben k\u00f6nnen  [&#8230;]<\/p>\n","protected":false},"author":5,"featured_media":0,"parent":0,"menu_order":0,"comment_status":"closed","ping_status":"closed","template":"","meta":{"footnotes":""},"class_list":["post-12056","page","type-page","status-publish","hentry"],"_links":{"self":[{"href":"http:\/\/d-teq.com\/media-sports\/wp-json\/wp\/v2\/pages\/12056","targetHints":{"allow":["GET"]}}],"collection":[{"href":"http:\/\/d-teq.com\/media-sports\/wp-json\/wp\/v2\/pages"}],"about":[{"href":"http:\/\/d-teq.com\/media-sports\/wp-json\/wp\/v2\/types\/page"}],"author":[{"embeddable":true,"href":"http:\/\/d-teq.com\/media-sports\/wp-json\/wp\/v2\/users\/5"}],"replies":[{"embeddable":true,"href":"http:\/\/d-teq.com\/media-sports\/wp-json\/wp\/v2\/comments?post=12056"}],"version-history":[{"count":5,"href":"http:\/\/d-teq.com\/media-sports\/wp-json\/wp\/v2\/pages\/12056\/revisions"}],"predecessor-version":[{"id":12437,"href":"http:\/\/d-teq.com\/media-sports\/wp-json\/wp\/v2\/pages\/12056\/revisions\/12437"}],"wp:attachment":[{"href":"http:\/\/d-teq.com\/media-sports\/wp-json\/wp\/v2\/media?parent=12056"}],"curies":[{"name":"wp","href":"https:\/\/api.w.org\/{rel}","templated":true}]}}