{"id":12057,"date":"2016-06-08T20:32:25","date_gmt":"2016-06-08T18:32:25","guid":{"rendered":"http:\/\/d-teq.com\/media-sports\/?page_id=12057"},"modified":"2019-10-09T21:57:09","modified_gmt":"2019-10-09T19:57:09","slug":"vollfarben-rgb-led-videowuerfel","status":"publish","type":"page","link":"http:\/\/d-teq.com\/media-sports\/vollfarben-rgb-led-videowuerfel\/","title":{"rendered":"Vollfarben RGB LED Videow\u00fcrfel"},"content":{"rendered":"<p><span style=\"font-family: arial, helvetica, sans-serif; font-size: 12pt;\">F\u00fcr Eishockey und Indoor Sport-Arenas <\/span><\/p>\n<p>&nbsp;<\/p>\n<p><span style=\"font-family: arial, helvetica, sans-serif; font-size: 12pt;\"><a href=\"http:\/\/d-teq.com\/media-sports\/wp-content\/uploads\/2016\/06\/led_videowuerfel_1.jpg\"><img decoding=\"async\" class=\"alignnone wp-image-12030 size-full\" src=\"http:\/\/d-teq.com\/media-sports\/wp-content\/uploads\/2016\/06\/led_videowuerfel_1.jpg\" alt=\"led_videowuerfel_1\" width=\"800\" height=\"600\" srcset=\"http:\/\/d-teq.com\/media-sports\/wp-content\/uploads\/2016\/06\/led_videowuerfel_1-200x150.jpg 200w, http:\/\/d-teq.com\/media-sports\/wp-content\/uploads\/2016\/06\/led_videowuerfel_1-300x225.jpg 300w, http:\/\/d-teq.com\/media-sports\/wp-content\/uploads\/2016\/06\/led_videowuerfel_1-500x375.jpg 500w, http:\/\/d-teq.com\/media-sports\/wp-content\/uploads\/2016\/06\/led_videowuerfel_1-700x525.jpg 700w, http:\/\/d-teq.com\/media-sports\/wp-content\/uploads\/2016\/06\/led_videowuerfel_1-768x576.jpg 768w, http:\/\/d-teq.com\/media-sports\/wp-content\/uploads\/2016\/06\/led_videowuerfel_1.jpg 800w\" sizes=\"(max-width: 800px) 100vw, 800px\" \/><\/a><\/span><\/p>\n<p><span style=\"font-family: arial, helvetica, sans-serif; font-size: 12pt;\">8-seitiger W\u00fcrfel mit 4 Videoanzeigen und 4 Spielstandanzeigen<\/span><\/p>\n<p>&nbsp;<\/p>\n<p style=\"text-align: justify;\"><span style=\"font-family: arial, helvetica, sans-serif; font-size: 12pt;\">Die gestiegenen Erwartungshaltung der zahlenden Zuschauer und die Anforderungen der Sponsoren und Werbetr\u00e4ger f\u00fchren zu der Notwendigkeit Sportarenen mit modernere Technik auszustatten. Neueste elektronische Anzeigentechnologie bietet optimale Voraussetzungen um Sport-Promotion und Werbung grafisch anspruchsvoll mit Informations- und Resultatdarstellung zu kombinieren und somit den hohen Anforderungen gerecht zu werden. <\/span><\/p>\n<p style=\"text-align: justify;\"><span style=\"font-family: arial, helvetica, sans-serif; font-size: 12pt;\"> Die spezielle Leichtbaukonstruktion des achtseitigen Videow\u00fcrfels wurde kreiert um die zunehmende Forderung nach kostenbewusste und vielseitig einsetzbare Anzeigen f\u00fcr Werbung und Entertainment in Indoor Sport-Arenen zu erf\u00fcllen. <\/span><\/p>\n<p style=\"text-align: justify;\"><span style=\"font-family: arial, helvetica, sans-serif; font-size: 12pt;\"> Das hochaufl\u00f6sende Vollfarben RGB LED Video Display System von DTEQ bietet genau die volle Flexibilit\u00e4t, die von modernen Informations-, Unterhaltungs- und Werbeanzeigen erwartet wird. In Kombination mit der leistungsf\u00e4hige Media Control Software erreicht man nahezu grenzenlose M\u00f6glichkeiten zur Darstellung von numerischen Informationen, Grafiken sowie Video-Streamers*, TV* oder Live Kamera Daten* in brillianten und nat\u00fcrlichen Farben. <\/span><\/p>\n<p style=\"text-align: justify;\"><span style=\"font-family: arial, helvetica, sans-serif; font-size: 12pt;\"> Die qualitativ hochwertige LED Module mit einer Helligkeit von \u00fcber 1000 nits garantieren ein ausgezeichnetes Betrachtungserlebnis. Unsere LED Videow\u00e4nde haben einen Seitenbetrachtungswinkel von mehr als 140\u00b0 Grad, und sichern somit auch f\u00fcr seitlich stehendes Publikum eine perfekte Bildqualit\u00e4t.<\/span><\/p>\n<p><span style=\"font-family: arial, helvetica, sans-serif; font-size: 12pt;\"><a href=\"http:\/\/d-teq.com\/media-sports\/wp-content\/uploads\/2016\/06\/led_videowuerfel_2.jpg\"><img decoding=\"async\" class=\"alignnone wp-image-12031\" src=\"http:\/\/d-teq.com\/media-sports\/wp-content\/uploads\/2016\/06\/led_videowuerfel_2-300x182.jpg\" alt=\"led_videowuerfel_2\" width=\"500\" height=\"303\" srcset=\"http:\/\/d-teq.com\/media-sports\/wp-content\/uploads\/2016\/06\/led_videowuerfel_2-200x121.jpg 200w, http:\/\/d-teq.com\/media-sports\/wp-content\/uploads\/2016\/06\/led_videowuerfel_2-300x182.jpg 300w, http:\/\/d-teq.com\/media-sports\/wp-content\/uploads\/2016\/06\/led_videowuerfel_2-500x303.jpg 500w, http:\/\/d-teq.com\/media-sports\/wp-content\/uploads\/2016\/06\/led_videowuerfel_2-700x424.jpg 700w, http:\/\/d-teq.com\/media-sports\/wp-content\/uploads\/2016\/06\/led_videowuerfel_2-768x466.jpg 768w, http:\/\/d-teq.com\/media-sports\/wp-content\/uploads\/2016\/06\/led_videowuerfel_2.jpg 800w\" sizes=\"(max-width: 500px) 100vw, 500px\" \/><\/a><\/span><\/p>\n<p><span style=\"font-family: arial, helvetica, sans-serif; font-size: 12pt;\"><strong>Einsatzbereiche:<\/strong><\/span><\/p>\n<ul>\n<li><span style=\"font-family: arial, helvetica, sans-serif; font-size: 12pt;\">Eishockey<\/span><\/li>\n<li><span style=\"font-family: arial, helvetica, sans-serif; font-size: 12pt;\">Basketball<\/span><\/li>\n<li><span style=\"font-family: arial, helvetica, sans-serif; font-size: 12pt;\">Handball<\/span><\/li>\n<\/ul>\n<p><span style=\"font-family: arial, helvetica, sans-serif; font-size: 12pt;\"> <strong>Technische Daten<\/strong><\/span><\/p>\n<table style=\"height: 500px;\" width=\"800\">\n<tbody>\n<tr>\n<td><span style=\"font-family: arial, helvetica, sans-serif; font-size: 12pt;\">Modell<\/span><\/td>\n<td><span style=\"font-family: arial, helvetica, sans-serif; font-size: 12pt;\">D3X-P10XXL-IH<\/span><\/td>\n<td><span style=\"font-family: arial, helvetica, sans-serif; font-size: 12pt;\">\u00a0<\/span><\/td>\n<td><span style=\"font-family: arial, helvetica, sans-serif; font-size: 12pt;\">Pixelabstand<\/span><\/td>\n<td><span style=\"font-family: arial, helvetica, sans-serif; font-size: 12pt;\">10mm SMD 3-in-1<\/span><\/td>\n<\/tr>\n<tr>\n<td><span style=\"font-family: arial, helvetica, sans-serif; font-size: 12pt;\">Anzeigenfl\u00e4che<\/span><\/td>\n<td><span style=\"font-family: arial, helvetica, sans-serif; font-size: 12pt;\">6,14 m\u00b2<\/span><\/td>\n<td><span style=\"font-family: arial, helvetica, sans-serif; font-size: 12pt;\">\u00a0<\/span><\/td>\n<td><span style=\"font-family: arial, helvetica, sans-serif; font-size: 12pt;\">Geh\u00e4usematerial<\/span><\/td>\n<td><span style=\"font-family: arial, helvetica, sans-serif; font-size: 12pt;\">Aluminium<\/span><\/td>\n<\/tr>\n<tr>\n<td><span style=\"font-family: arial, helvetica, sans-serif; font-size: 12pt;\">Abmessungen (H x B)<\/span><\/td>\n<td><span style=\"font-family: arial, helvetica, sans-serif; font-size: 12pt;\">1920 mm x 3200 mm<\/span><\/td>\n<td><span style=\"font-family: arial, helvetica, sans-serif; font-size: 12pt;\">\u00a0<\/span><\/td>\n<td><span style=\"font-family: arial, helvetica, sans-serif; font-size: 12pt;\">Gewicht der Anzeige<\/span><\/td>\n<td><span style=\"font-family: arial, helvetica, sans-serif; font-size: 12pt;\">ca. 220 kg<\/span><\/td>\n<\/tr>\n<tr>\n<td><span style=\"font-family: arial, helvetica, sans-serif; font-size: 12pt;\">Aufl\u00f6sung (H x B)<\/span><\/td>\n<td><span style=\"font-family: arial, helvetica, sans-serif; font-size: 12pt;\">192 x 320 Pixel<\/span><\/td>\n<td><span style=\"font-family: arial, helvetica, sans-serif; font-size: 12pt;\">\u00a0<\/span><\/td>\n<td><span style=\"font-family: arial, helvetica, sans-serif; font-size: 12pt;\">Dargestellte Farben<\/span><\/td>\n<td><span style=\"font-family: arial, helvetica, sans-serif; font-size: 12pt;\">68 Milliarden<\/span><\/td>\n<\/tr>\n<tr>\n<td><span style=\"font-family: arial, helvetica, sans-serif; font-size: 12pt;\">Pixeldichte<\/span><\/td>\n<td><span style=\"font-family: arial, helvetica, sans-serif; font-size: 12pt;\">10000 \/ m\u00b2<\/span><\/td>\n<td><span style=\"font-family: arial, helvetica, sans-serif; font-size: 12pt;\">\u00a0<\/span><\/td>\n<td><span style=\"font-family: arial, helvetica, sans-serif; font-size: 12pt;\">Betriebstemperatur<\/span><\/td>\n<td><span style=\"font-family: arial, helvetica, sans-serif; font-size: 12pt;\">-20\u00b0 bis +40\u00b0 C<\/span><\/td>\n<\/tr>\n<tr>\n<td><span style=\"font-family: arial, helvetica, sans-serif; font-size: 12pt;\">Helligkeit<\/span><\/td>\n<td><span style=\"font-family: arial, helvetica, sans-serif; font-size: 12pt;\">&gt;1000 nits<\/span><\/td>\n<td><span style=\"font-family: arial, helvetica, sans-serif; font-size: 12pt;\">\u00a0<\/span><\/td>\n<td><span style=\"font-family: arial, helvetica, sans-serif; font-size: 12pt;\">Anschlusswerte<\/span><\/td>\n<td><span style=\"font-family: arial, helvetica, sans-serif; font-size: 12pt;\">220V\/50HZ bzw. 380V\/60Hz<\/span><\/td>\n<\/tr>\n<tr>\n<td><span style=\"font-family: arial, helvetica, sans-serif; font-size: 12pt;\">Betrachtungswinkel (h\/v)<\/span><\/td>\n<td><span style=\"font-family: arial, helvetica, sans-serif; font-size: 12pt;\">140\u00b0 \/ 140\u00b0<\/span><\/td>\n<td><span style=\"font-family: arial, helvetica, sans-serif; font-size: 12pt;\">\u00a0<\/span><\/td>\n<td><span style=\"font-family: arial, helvetica, sans-serif; font-size: 12pt;\">Leistungsaufnahme<\/span><\/td>\n<td><span style=\"font-family: arial, helvetica, sans-serif; font-size: 12pt;\">4,3kW peak \/ 3,2kW aver.<\/span><\/td>\n<\/tr>\n<tr>\n<td><span style=\"font-family: arial, helvetica, sans-serif; font-size: 12pt;\">Betrachtungsabstand<\/span><\/td>\n<td><span style=\"font-family: arial, helvetica, sans-serif; font-size: 12pt;\">6-100m<\/span><\/td>\n<td><span style=\"font-family: arial, helvetica, sans-serif; font-size: 12pt;\">\u00a0<\/span><\/td>\n<td><span style=\"font-family: arial, helvetica, sans-serif; font-size: 12pt;\">Videoeing\u00e4nge<\/span><\/td>\n<td><span style=\"font-family: arial, helvetica, sans-serif; font-size: 12pt;\">DVI, S-VIDEO, RGB, VGA etc<\/span><\/td>\n<\/tr>\n<\/tbody>\n<\/table>\n<p style=\"text-align: justify;\"><span style=\"font-family: arial, helvetica, sans-serif; font-size: 12pt;\"> Aufgrund der speziellen filigranen Konstruktion liegt das Gesamtgewichts des Videow\u00fcrfels (ohne Hebevorrichtung) unter 2000 kg und ist somit besonders interessant f\u00fcr neue Arenen aber auch als perfekt zur Nachr\u00fcstung von existierenden Arenen und Hallen. <\/span><\/p>\n<p style=\"text-align: justify;\"><span style=\"font-family: arial, helvetica, sans-serif; font-size: 12pt;\"> Selbstverst\u00e4ndlich ist der Mediaw\u00fcrfel auch in einer vierseitigen Variante als reiner Videow\u00fcrfel ohne separate Spielstandsanzeigen erh\u00e4ltlich.<\/span><\/p>\n<p>&nbsp;<\/p>\n<p><span style=\"font-family: arial, helvetica, sans-serif; font-size: 12pt;\"><strong>Bildergalerie<\/strong>\u00a0<\/span><\/p>\n<p><span style=\"font-family: arial, helvetica, sans-serif; font-size: 12pt;\"><a href=\"http:\/\/d-teq.com\/media-sports\/wp-content\/uploads\/2016\/06\/Assembly_1-300x300.jpg\"><img decoding=\"async\" class=\"alignnone size-full wp-image-12194\" src=\"http:\/\/d-teq.com\/media-sports\/wp-content\/uploads\/2016\/06\/Assembly_1-300x300.jpg\" alt=\"Assembly_1 300x300\" width=\"300\" height=\"300\" srcset=\"http:\/\/d-teq.com\/media-sports\/wp-content\/uploads\/2016\/06\/Assembly_1-300x300-66x66.jpg 66w, http:\/\/d-teq.com\/media-sports\/wp-content\/uploads\/2016\/06\/Assembly_1-300x300-100x100.jpg 100w, http:\/\/d-teq.com\/media-sports\/wp-content\/uploads\/2016\/06\/Assembly_1-300x300-150x150.jpg 150w, http:\/\/d-teq.com\/media-sports\/wp-content\/uploads\/2016\/06\/Assembly_1-300x300-200x200.jpg 200w, http:\/\/d-teq.com\/media-sports\/wp-content\/uploads\/2016\/06\/Assembly_1-300x300.jpg 300w\" sizes=\"(max-width: 300px) 100vw, 300px\" \/><\/a> <a href=\"http:\/\/d-teq.com\/media-sports\/wp-content\/uploads\/2016\/06\/Assembly_2-300x300.jpg\"><img decoding=\"async\" class=\"alignnone size-medium wp-image-12195\" src=\"http:\/\/d-teq.com\/media-sports\/wp-content\/uploads\/2016\/06\/Assembly_2-300x300.jpg\" alt=\"Assembly_2 300x300\" width=\"300\" height=\"300\" srcset=\"http:\/\/d-teq.com\/media-sports\/wp-content\/uploads\/2016\/06\/Assembly_2-300x300-66x66.jpg 66w, http:\/\/d-teq.com\/media-sports\/wp-content\/uploads\/2016\/06\/Assembly_2-300x300-100x100.jpg 100w, http:\/\/d-teq.com\/media-sports\/wp-content\/uploads\/2016\/06\/Assembly_2-300x300-150x150.jpg 150w, http:\/\/d-teq.com\/media-sports\/wp-content\/uploads\/2016\/06\/Assembly_2-300x300-200x200.jpg 200w, http:\/\/d-teq.com\/media-sports\/wp-content\/uploads\/2016\/06\/Assembly_2-300x300.jpg 300w\" sizes=\"(max-width: 300px) 100vw, 300px\" \/><\/a> <a href=\"http:\/\/d-teq.com\/media-sports\/wp-content\/uploads\/2016\/06\/Assembly_3-300x300.jpg\"><img decoding=\"async\" class=\"alignnone size-medium wp-image-12196\" src=\"http:\/\/d-teq.com\/media-sports\/wp-content\/uploads\/2016\/06\/Assembly_3-300x300.jpg\" alt=\"Assembly_3 300x300\" width=\"300\" height=\"300\" srcset=\"http:\/\/d-teq.com\/media-sports\/wp-content\/uploads\/2016\/06\/Assembly_3-300x300-66x66.jpg 66w, http:\/\/d-teq.com\/media-sports\/wp-content\/uploads\/2016\/06\/Assembly_3-300x300-100x100.jpg 100w, http:\/\/d-teq.com\/media-sports\/wp-content\/uploads\/2016\/06\/Assembly_3-300x300-150x150.jpg 150w, http:\/\/d-teq.com\/media-sports\/wp-content\/uploads\/2016\/06\/Assembly_3-300x300-200x200.jpg 200w, http:\/\/d-teq.com\/media-sports\/wp-content\/uploads\/2016\/06\/Assembly_3-300x300.jpg 300w\" sizes=\"(max-width: 300px) 100vw, 300px\" \/><\/a> <a href=\"http:\/\/d-teq.com\/media-sports\/wp-content\/uploads\/2016\/06\/Assembly_4-300x300.jpg\"><img decoding=\"async\" class=\"alignnone size-medium wp-image-12197\" src=\"http:\/\/d-teq.com\/media-sports\/wp-content\/uploads\/2016\/06\/Assembly_4-300x300.jpg\" alt=\"Assembly_4 300x300\" width=\"300\" height=\"300\" srcset=\"http:\/\/d-teq.com\/media-sports\/wp-content\/uploads\/2016\/06\/Assembly_4-300x300-66x66.jpg 66w, http:\/\/d-teq.com\/media-sports\/wp-content\/uploads\/2016\/06\/Assembly_4-300x300-100x100.jpg 100w, http:\/\/d-teq.com\/media-sports\/wp-content\/uploads\/2016\/06\/Assembly_4-300x300-150x150.jpg 150w, http:\/\/d-teq.com\/media-sports\/wp-content\/uploads\/2016\/06\/Assembly_4-300x300-200x200.jpg 200w, http:\/\/d-teq.com\/media-sports\/wp-content\/uploads\/2016\/06\/Assembly_4-300x300.jpg 300w\" sizes=\"(max-width: 300px) 100vw, 300px\" \/><\/a> <\/span><a href=\"http:\/\/d-teq.com\/media-sports\/wp-content\/uploads\/2016\/06\/Assembly_5-300x300.jpg\"><img decoding=\"async\" class=\"alignnone size-medium wp-image-12198\" src=\"http:\/\/d-teq.com\/media-sports\/wp-content\/uploads\/2016\/06\/Assembly_5-300x300.jpg\" alt=\"Assembly_5 300x300\" width=\"300\" height=\"300\" srcset=\"http:\/\/d-teq.com\/media-sports\/wp-content\/uploads\/2016\/06\/Assembly_5-300x300-66x66.jpg 66w, http:\/\/d-teq.com\/media-sports\/wp-content\/uploads\/2016\/06\/Assembly_5-300x300-100x100.jpg 100w, http:\/\/d-teq.com\/media-sports\/wp-content\/uploads\/2016\/06\/Assembly_5-300x300-150x150.jpg 150w, http:\/\/d-teq.com\/media-sports\/wp-content\/uploads\/2016\/06\/Assembly_5-300x300-200x200.jpg 200w, http:\/\/d-teq.com\/media-sports\/wp-content\/uploads\/2016\/06\/Assembly_5-300x300.jpg 300w\" sizes=\"(max-width: 300px) 100vw, 300px\" \/><\/a><\/p>\n","protected":false},"excerpt":{"rendered":"<p>F\u00fcr Eishockey und Indoor Sport-Arenas &nbsp; 8-seitiger W\u00fcrfel mit 4 Videoanzeigen und 4 Spielstandanzeigen &nbsp; Die gestiegenen Erwartungshaltung der zahlenden Zuschauer und die Anforderungen der Sponsoren und Werbetr\u00e4ger f\u00fchren zu der Notwendigkeit Sportarenen mit modernere Technik auszustatten. Neueste elektronische Anzeigentechnologie bietet optimale Voraussetzungen um Sport-Promotion und Werbung grafisch anspruchsvoll mit Informations- und Resultatdarstellung zu kombinieren und somit den hohen Anforderungen gerecht zu werden. Die spezielle Leichtbaukonstruktion des achtseitigen Videow\u00fcrfels wurde kreiert um die zunehmende Forderung nach kostenbewusste und vielseitig einsetzbare Anzeigen f\u00fcr Werbung und Entertainment in Indoor Sport-Arenen zu erf\u00fcllen. Das hochaufl\u00f6sende Vollfarben RGB LED Video Display System von DTEQ  [&#8230;]<\/p>\n","protected":false},"author":5,"featured_media":0,"parent":0,"menu_order":0,"comment_status":"closed","ping_status":"closed","template":"","meta":{"footnotes":""},"class_list":["post-12057","page","type-page","status-publish","hentry"],"_links":{"self":[{"href":"http:\/\/d-teq.com\/media-sports\/wp-json\/wp\/v2\/pages\/12057","targetHints":{"allow":["GET"]}}],"collection":[{"href":"http:\/\/d-teq.com\/media-sports\/wp-json\/wp\/v2\/pages"}],"about":[{"href":"http:\/\/d-teq.com\/media-sports\/wp-json\/wp\/v2\/types\/page"}],"author":[{"embeddable":true,"href":"http:\/\/d-teq.com\/media-sports\/wp-json\/wp\/v2\/users\/5"}],"replies":[{"embeddable":true,"href":"http:\/\/d-teq.com\/media-sports\/wp-json\/wp\/v2\/comments?post=12057"}],"version-history":[{"count":4,"href":"http:\/\/d-teq.com\/media-sports\/wp-json\/wp\/v2\/pages\/12057\/revisions"}],"predecessor-version":[{"id":12438,"href":"http:\/\/d-teq.com\/media-sports\/wp-json\/wp\/v2\/pages\/12057\/revisions\/12438"}],"wp:attachment":[{"href":"http:\/\/d-teq.com\/media-sports\/wp-json\/wp\/v2\/media?parent=12057"}],"curies":[{"name":"wp","href":"https:\/\/api.w.org\/{rel}","templated":true}]}}